{"id":232,"date":"2023-11-04T17:27:05","date_gmt":"2023-11-04T16:27:05","guid":{"rendered":"https:\/\/www.trufflesitaly.com\/product\/truffe-uncinato\/"},"modified":"2024-03-14T17:38:37","modified_gmt":"2024-03-14T16:38:37","slug":"truffe-uncinato","status":"publish","type":"product","link":"https:\/\/www.trufflesitaly.com\/fr\/produit\/truffe-uncinato\/","title":{"rendered":"Truffe Uncinato"},"content":{"rendered":"<p>La truffe Uncinato, \u00e9galement connue sous le nom de Tuber Uncinatum, est une vari\u00e9t\u00e9 de truffe tr\u00e8s appr\u00e9ci\u00e9e par les chefs et les amateurs de cuisine du monde entier. Il est disponible en diff\u00e9rentes tailles telles que 50g, 100g, 250g, 500g et 1kg. Cette vari\u00e9t\u00e9 de truffe est id\u00e9ale pour ceux qui souhaitent ajouter une touche de luxe gastronomique \u00e0 leurs plats.<\/p>\n","protected":false},"excerpt":{"rendered":"<p>La truffe Uncinato, \u00e9galement connue sous le nom de Tuber Uncinatum, est une vari\u00e9t\u00e9 de truffe tr\u00e8s appr\u00e9ci\u00e9e par les chefs et les amateurs de cuisine du monde entier. Il est disponible en diff\u00e9rentes tailles telles que 50g, 100g, 250g, 500g et 1kg. Cette vari\u00e9t\u00e9 de truffe est id\u00e9ale pour ceux qui souhaitent ajouter une [&hellip;]<\/p>\n","protected":false},"featured_media":192,"comment_status":"open","ping_status":"closed","template":"","meta":[],"product_brand":[],"product_cat":[53],"product_tag":[],"class_list":{"0":"post-232","1":"product","2":"type-product","3":"status-publish","4":"has-post-thumbnail","6":"product_cat-truffe-fraiche","8":"first","9":"onbackorder","10":"taxable","11":"shipping-taxable","12":"product-type-variable","13":"has-default-attributes"},"_links":{"self":[{"href":"https:\/\/www.trufflesitaly.com\/fr\/wp-json\/wp\/v2\/product\/232","targetHints":{"allow":["GET"]}}],"collection":[{"href":"https:\/\/www.trufflesitaly.com\/fr\/wp-json\/wp\/v2\/product"}],"about":[{"href":"https:\/\/www.trufflesitaly.com\/fr\/wp-json\/wp\/v2\/types\/product"}],"replies":[{"embeddable":true,"href":"https:\/\/www.trufflesitaly.com\/fr\/wp-json\/wp\/v2\/comments?post=232"}],"wp:featuredmedia":[{"embeddable":true,"href":"https:\/\/www.trufflesitaly.com\/fr\/wp-json\/wp\/v2\/media\/192"}],"wp:attachment":[{"href":"https:\/\/www.trufflesitaly.com\/fr\/wp-json\/wp\/v2\/media?parent=232"}],"wp:term":[{"taxonomy":"product_brand","embeddable":true,"href":"https:\/\/www.trufflesitaly.com\/fr\/wp-json\/wp\/v2\/product_brand?post=232"},{"taxonomy":"product_cat","embeddable":true,"href":"https:\/\/www.trufflesitaly.com\/fr\/wp-json\/wp\/v2\/product_cat?post=232"},{"taxonomy":"product_tag","embeddable":true,"href":"https:\/\/www.trufflesitaly.com\/fr\/wp-json\/wp\/v2\/product_tag?post=232"}],"curies":[{"name":"wp","href":"https:\/\/api.w.org\/{rel}","templated":true}]}}