{"id":229,"date":"2023-11-04T17:23:31","date_gmt":"2023-11-04T16:23:31","guid":{"rendered":"https:\/\/www.trufflesitaly.com\/product\/truffe-noire-dete\/"},"modified":"2024-03-14T17:23:52","modified_gmt":"2024-03-14T16:23:52","slug":"truffe-noire-dete","status":"publish","type":"product","link":"https:\/\/www.trufflesitaly.com\/fr\/produit\/truffe-noire-dete\/","title":{"rendered":"Truffe Noire d&rsquo;\u00c9t\u00e9"},"content":{"rendered":"<p>La truffe noire d&rsquo;\u00e9t\u00e9, connue sous le nom de Tuber Aestivum Vitt, est lou\u00e9e dans le monde entier pour sa saveur unique. Disponible en 50g, 100g, 250g, 500g et 1kg, il offre des applications culinaires polyvalentes. Il s&rsquo;agit d&rsquo;un outil indispensable pour tous ceux qui souhaitent rehausser leurs plats.<\/p>\n","protected":false},"excerpt":{"rendered":"<p>La truffe noire d&rsquo;\u00e9t\u00e9, connue sous le nom de Tuber Aestivum Vitt, est lou\u00e9e dans le monde entier pour sa saveur unique. Disponible en 50g, 100g, 250g, 500g et 1kg, il offre des applications culinaires polyvalentes. Il s&rsquo;agit d&rsquo;un outil indispensable pour tous ceux qui souhaitent rehausser leurs plats.<\/p>\n","protected":false},"featured_media":188,"comment_status":"open","ping_status":"closed","template":"","meta":[],"product_brand":[],"product_cat":[53],"product_tag":[],"class_list":{"0":"post-229","1":"product","2":"type-product","3":"status-publish","4":"has-post-thumbnail","6":"product_cat-truffe-fraiche","8":"first","9":"onbackorder","10":"taxable","11":"shipping-taxable","12":"purchasable","13":"product-type-variable"},"_links":{"self":[{"href":"https:\/\/www.trufflesitaly.com\/fr\/wp-json\/wp\/v2\/product\/229","targetHints":{"allow":["GET"]}}],"collection":[{"href":"https:\/\/www.trufflesitaly.com\/fr\/wp-json\/wp\/v2\/product"}],"about":[{"href":"https:\/\/www.trufflesitaly.com\/fr\/wp-json\/wp\/v2\/types\/product"}],"replies":[{"embeddable":true,"href":"https:\/\/www.trufflesitaly.com\/fr\/wp-json\/wp\/v2\/comments?post=229"}],"wp:featuredmedia":[{"embeddable":true,"href":"https:\/\/www.trufflesitaly.com\/fr\/wp-json\/wp\/v2\/media\/188"}],"wp:attachment":[{"href":"https:\/\/www.trufflesitaly.com\/fr\/wp-json\/wp\/v2\/media?parent=229"}],"wp:term":[{"taxonomy":"product_brand","embeddable":true,"href":"https:\/\/www.trufflesitaly.com\/fr\/wp-json\/wp\/v2\/product_brand?post=229"},{"taxonomy":"product_cat","embeddable":true,"href":"https:\/\/www.trufflesitaly.com\/fr\/wp-json\/wp\/v2\/product_cat?post=229"},{"taxonomy":"product_tag","embeddable":true,"href":"https:\/\/www.trufflesitaly.com\/fr\/wp-json\/wp\/v2\/product_tag?post=229"}],"curies":[{"name":"wp","href":"https:\/\/api.w.org\/{rel}","templated":true}]}}