{"id":211,"date":"2023-11-04T14:38:35","date_gmt":"2023-11-04T13:38:35","guid":{"rendered":"https:\/\/www.trufflesitaly.com\/accueil\/"},"modified":"2024-08-01T12:00:20","modified_gmt":"2024-08-01T10:00:20","slug":"accueil","status":"publish","type":"page","link":"https:\/\/www.trufflesitaly.com\/fr\/","title":{"rendered":"Accueil"},"content":{"rendered":"<h1>Truffles Italy<\/h1>\n<div>\n<p>\u00ab\u00a0D\u00e9couvrez le go\u00fbt authentique de l&rsquo;Italie avec Truffles Italy. Nos truffes sont 100 % italiennes et proviennent directement des riches sols de l&rsquo;Ombrie, la r\u00e9gion italienne la plus riche en truffes. Avec une gamme d&rsquo;options comprenant des truffes blanches, des truffes noires et des truffes prim\u00e9es de tailles et de formats diff\u00e9rents, nous garantissons la fra\u00eecheur et la qualit\u00e9 de chaque bouch\u00e9e. Laissez-vous tenter par le go\u00fbt luxueux de l&rsquo;Ombrie avec Truffes d&rsquo;Italie &#8211; le choix du vrai connaisseur\u00a0\u00bb.<\/p>\n<\/div>\n<p>\n    <a href=\"#truffles\">D\u00e9couvrez nos produits<\/a>\n<\/p>\n<h2>\u00c0 propos de nous<\/h2>\n<div>\n<p>Bienvenue \u00e0 Truffles Italy, une entreprise 100% Umbra qui incarne le luxe italien authentique. Nos racines sont profond\u00e9ment li\u00e9es aux sols fertiles de l&rsquo;Umbria, une r\u00e9gion d&rsquo;Italie c\u00e9l\u00e8bre pour produire les truffes les plus fines.<\/p>\n<p>Nous sommes fiers de nos relations directes avec les chasseurs de truffes, qui garantissent la qualit\u00e9 sup\u00e9rieure et l&rsquo;authenticit\u00e9 de notre grande vari\u00e9t\u00e9 de truffes. Chaque truffe est cueillie \u00e0 la main avec soin et pr\u00e9cision, refl\u00e9tant la ma\u00eetrise de nos chasseurs d\u00e9vou\u00e9s et notre engagement envers l&rsquo;excellence.<\/p>\n<p>Truffles Italy n&rsquo;est pas seulement une entreprise ; nous repr\u00e9sentons une tradition, un style de vie et une promesse de maintenir le riche h\u00e9ritage culinaire de Umbria. Nos offres vont des truffes blanches aux truffes noires, en passant par d&rsquo;autres truffes tr\u00e8s convoit\u00e9es, toutes livr\u00e9es directement \u00e0 nos clients dans le monde entier.<\/p>\n<p>En choisissant Truffles Italy, vous n&rsquo;achetez pas seulement un produit, vous investissez dans un morceau de luxe italien, vous d\u00e9couvrez le vrai go\u00fbt de Umbria et vous soutenez une tradition qui se transmet de g\u00e9n\u00e9ration en g\u00e9n\u00e9ration. Bienvenue \u00e0 Truffles Italy, o\u00f9 la qualit\u00e9 rencontre l&rsquo;authenticit\u00e9.<\/p>\n<\/div>\n<h2>Nos Truffes<\/h2>\n<ul>\n<li>\n<p>        <img decoding=\"async\" src=\"\/wp-content\/uploads\/2023\/11\/nero-pregiato-1.jpg\" alt=\"\"><\/p>\n<h3>Truffe Noire Pr\u00e9cieuse<\/h3>\n<div>\n<p>La Pr\u00e9cieuse Truffe Noire, \u00e9galement connue sous le nom de \u00ab\u00a0Tuber Melanosporum\u00a0\u00bb, est un v\u00e9ritable joyau du monde culinaire. R\u00e9colt\u00e9e au c\u0153ur de l&rsquo;hiver, elle est tr\u00e8s appr\u00e9ci\u00e9e pour son ar\u00f4me unique et intense qui peut transformer n&rsquo;importe quel plat en une exp\u00e9rience gastronomique.<\/p>\n<p>L&rsquo;ext\u00e9rieur de la Truffe Noire Pr\u00e9cieuse se caract\u00e9rise par une surface rugueuse et verruqueuse. Mais c&rsquo;est \u00e0 l&rsquo;int\u00e9rieur que la magie op\u00e8re. Lorsqu&rsquo;il est ouvert, il r\u00e9v\u00e8le une couleur riche et fonc\u00e9e, presque noire, avec des veines blanches qui le traversent, cr\u00e9ant un contraste saisissant qui est aussi attrayant visuellement que d\u00e9licieux.<\/p>\n<p>En bouche, la Truffe Noire Pr\u00e9cieuse offre un profil aromatique complexe. Il commence par un m\u00e9lange de notes de terre et de noix, suivi de touches de chocolat, et se termine par une subtile touche d&rsquo;amertume, procurant une sensation gustative inoubliable.<\/p>\n<p>Chez Truffles Italy, nos Pr\u00e9cieuses Truffes Noires sont cueillies \u00e0 la main avec le plus grand soin par nos chasseurs de truffes d\u00e9vou\u00e9s, ce qui garantit que seules les truffes de la meilleure qualit\u00e9 arrivent sur votre table. En ajoutant nos truffes \u00e0 vos plats, vous en rehaussez non seulement la saveur, mais vous ajoutez \u00e9galement une touche de luxe italien \u00e0 votre exp\u00e9rience culinaire.<\/p>\n<\/div>\n<p><a href=\"\/prodotto\/precious-black-truffle\/\"><a href=\"\/prodotto\/precious-black-truffle\/\">aller au produit<\/a><\/a><\/p>\n<\/li>\n<li>\n<p>        <img decoding=\"async\" src=\"\/wp-content\/uploads\/2023\/11\/nero-estivo.jpg\" alt=\"\"><\/p>\n<h3>Truffe Noire d&rsquo;\u00c9t\u00e9<\/h3>\n<div>\n<p>La Truffe Noire d&rsquo;\u00c9t\u00e9, scientifiquement connue sous le nom de \u00ab\u00a0Tuber Aestivum\u00a0\u00bb, est un d\u00e9lice culinaire qui ajoute une touche de luxe italien \u00e0 vos plats. R\u00e9colt\u00e9e durant les mois chauds de mai \u00e0 Septembre, cette vari\u00e9t\u00e9 de truffe apporte un charme unique \u00e0 la cuisine estivale.<\/p>\n<p>L&rsquo;ext\u00e9rieur de la Truffe Noire d&rsquo;\u00c9t\u00e9 pr\u00e9sente une surface noire et rugueuse, tandis que l&rsquo;int\u00e9rieur r\u00e9v\u00e8le une couleur plus claire, souvent cr\u00e8me p\u00e2le ou grise, avec de d\u00e9licates marbrures blanches. Ce contraste le rend visuellement attrayant et en fait un ingr\u00e9dient remarquable dans n&rsquo;importe quel plat.<\/p>\n<p>Bien que plus subtile que son homologue hivernale, la Truffe Noire d&rsquo;\u00c9t\u00e9 offre toujours un profil de saveur riche et complexe. Il apporte un ar\u00f4me d\u00e9licat, l\u00e9g\u00e8rement sucr\u00e9 et terreux avec des notes de noisette, ce qui en fait un compl\u00e9ment polyvalent \u00e0 un large \u00e9ventail de plats &#8211; des simples p\u00e2tes aux plats de viande plus \u00e9labor\u00e9s.<\/p>\n<p>Chez Truffles Italy, nos Truffe Noire d&rsquo;\u00c9t\u00e9 sont cueillies \u00e0 la main par des chasseurs de truffes exp\u00e9riment\u00e9s qui veillent \u00e0 ce que seules les truffes de la plus haute qualit\u00e9 soient s\u00e9lectionn\u00e9es. En choisissant nos Truffe Noire d&rsquo;\u00c9t\u00e9, vous apportez un go\u00fbt authentique de l&rsquo;\u00e9t\u00e9 italien dans votre assiette.<\/p>\n<\/div>\n<p><a href=\"\/prodotto\/black-summer-truffle\/\"><a href=\"\/prodotto\/black-summer-truffle\/\">aller au produit<\/a><\/a><\/p>\n<\/li>\n<li>\n<p>        <img decoding=\"async\" src=\"\/wp-content\/uploads\/2023\/11\/bianco-1.jpg\" alt=\"\"><\/p>\n<h3>Truffe Blanche<\/h3>\n<div>\n<p>La Truffe Blanche, \u00e9galement connue sous le nom de \u00ab\u00a0Tuber Magnatum Pico\u00a0\u00bb, est le joyau de la couronne de la gastronomie italienne et l&rsquo;une des truffes les plus convoit\u00e9es au monde. R\u00e9colt\u00e9 \u00e0 l&rsquo;automne, il est r\u00e9put\u00e9 pour son ar\u00f4me distinct et enivrant qui peut enrichir n&rsquo;importe quel plat.<\/p>\n<p>La Truffe Blanche pr\u00e9sente une surface lisse et dor\u00e9e qui renferme une chair cr\u00e8me p\u00e2le \u00e0 jaune ocre, marbr\u00e9e de fines veines blanches. C&rsquo;est dans cet int\u00e9rieur d\u00e9licat que la truffe renferme son ar\u00f4me puissant et sa saveur complexe.<\/p>\n<p>Le profil de saveur de la Truffe Blanche est vraiment remarquable, offrant un m\u00e9lange unique d&rsquo;ail, de fromage et de notes terreuses. L&rsquo;ar\u00f4me, \u00e0 la fois intense et raffin\u00e9, se r\u00e9pand dans tous les plats qu&rsquo;il agr\u00e9mente et laisse une exp\u00e9rience gustative inoubliable.<\/p>\n<p>Chez Truffles Italy, nos Truffe Blanche sont soigneusement tri\u00e9es \u00e0 la main par nos chasseurs de truffes exp\u00e9riment\u00e9s, ce qui garantit que seules les truffes les plus fines parviennent \u00e0 nos clients. Choisir nos Truffe Blanche, c&rsquo;est profiter d&rsquo;un luxe culinaire in\u00e9gal\u00e9, un v\u00e9ritable go\u00fbt de l&rsquo;h\u00e9ritage Italien.<\/p>\n<\/div>\n<p><a href=\"\/prodotto\/white-truffle\/\"><a href=\"\/prodotto\/white-truffle\/\">aller au produit<\/a><\/a><\/p>\n<\/li>\n<li>\n<p>        <img decoding=\"async\" src=\"\/wp-content\/uploads\/2023\/11\/bianchetto.jpg\" alt=\"\"><\/p>\n<h3>Truffe Bianchetto<\/h3>\n<div>\n<p>La Truffe Bianchetto, \u00e9galement connue sous le nom de \u00ab\u00a0Tuber Borchii\u00a0\u00bb ou \u00ab\u00a0Tuber Albidum Pico\u00a0\u00bb, est une vari\u00e9t\u00e9 de truffe tr\u00e8s pris\u00e9e qui offre une saveur distinctive et robuste. R\u00e9colt\u00e9e en hiver et au printemps, elle est consid\u00e9r\u00e9e comme une d\u00e9licieuse alternative \u00e0 la truffe blanche, plus ch\u00e8re.<\/p>\n<p>La Truffe Bianchetto a une peau lisse et claire, souvent de couleur ros\u00e9e. A l&rsquo;int\u00e9rieur, elle r\u00e9v\u00e8le une palette de couleurs vari\u00e9es allant du blanc au brun rouge\u00e2tre, entrecoup\u00e9es de veines blanches qui s&rsquo;accentuent avec la maturit\u00e9.<\/p>\n<p>Bien que plus petite que les autres vari\u00e9t\u00e9s de truffes, la Truffe Bianchetto est tr\u00e8s savoureuse. Son ar\u00f4me d&rsquo;ail est puissant et son go\u00fbt offre un m\u00e9lange intrigant de notes sucr\u00e9es et \u00e9pic\u00e9es, ajoutant de la profondeur et de la complexit\u00e9 \u00e0 n&rsquo;importe quel plat.<\/p>\n<p>Chez Truffles Italy, nos Truffe Bianchetto sont soigneusement s\u00e9lectionn\u00e9es par nos chasseurs de truffes qualifi\u00e9s, ce qui nous permet de ne livrer \u00e0 nos clients que des truffes de la meilleure qualit\u00e9. Avec nos Truffe Bianchetto, vous pouvez apporter une touche unique \u00e0 vos cr\u00e9ations culinaires.<\/p>\n<\/div>\n<p><a href=\"\/prodotto\/bianchetto-truffle\/\"><a href=\"\/prodotto\/bianchetto-truffle\/\">aller au produit<\/a><\/a><\/p>\n<\/li>\n<li>\n<p>        <img decoding=\"async\" src=\"\/wp-content\/uploads\/2023\/11\/uncinato-1.jpg\" alt=\"\"><\/p>\n<h3>Truffe Uncinato<\/h3>\n<div>\n<p>La Truffe Uncinato, ou Tuber Uncinatum, m\u00fbrit en automne et en hiver et est connue pour ses grandes qualit\u00e9s organoleptiques. Il peut atteindre une taille consid\u00e9rable et est souvent d\u00e9crit comme esth\u00e9tiquement parfait<sup><\/sup>. Elle ressemble beaucoup \u00e0 la Truffe d&rsquo;\u00c9t\u00e9 (Tuber aestivum), mais elle a des verrues moins grandes, une gl\u00e9ba (partie interne de la truffe) beaucoup plus fonc\u00e9e, un parfum plus fort et plus agr\u00e9able, et une saveur plus marqu\u00e9e<sup><\/sup>.<\/p>\n<p>Sa peau ext\u00e9rieure, ou p\u00e9ridium, est noire avec des verrues sous-d\u00e9velopp\u00e9es.<sup><\/sup> Il peut atteindre une taille consid\u00e9rable et est souvent d\u00e9crit comme esth\u00e9tiquement parfait<sup><\/sup>. La p\u00e9riode de r\u00e9colte s&rsquo;\u00e9tend d&rsquo;octobre \u00e0 la mi-mars<sup><\/sup>.<\/p>\n<p>La Truffe Uncinato a un parfum d\u00e9licat et agr\u00e9able<sup><\/sup>, et son go\u00fbt a \u00e9t\u00e9 d\u00e9crit comme plus intense et plus savoureux que celui de la truffe noire d&rsquo;\u00e9t\u00e9<sup><\/sup>. Il peut \u00eatre utilis\u00e9 pour garnir les plats, leur donner de l&rsquo;\u00e9l\u00e9gance et une saveur unique<sup><\/sup>.<\/p>\n<p>Veuillez noter que les truffes doivent \u00eatre conserv\u00e9es correctement afin de pr\u00e9server leur saveur et leur ar\u00f4me. Achetez toujours aupr\u00e8s d&rsquo;une source r\u00e9put\u00e9e pour vous assurer que vous obtenez un produit de haute qualit\u00e9.<\/p>\n<\/div>\n<p><a href=\"\/prodotto\/uncinato-truffle\/\"><a href=\"\/prodotto\/uncinato-truffle\/\">aller au produit<\/a><\/a><\/p>\n<\/li>\n<\/ul>\n<p><!--more--><br \/>\n<!-- {\"type\":\"layout\",\"children\":[{\"type\":\"section\",\"props\":{\"height\":\"full\",\"image\":\"wp-content\\\/uploads\\\/2023\\\/11\\\/Immagine-WhatsApp-2023-11-04-ore-16.05.52_96f8bc37.jpg\",\"image_position\":\"center-center\",\"image_size\":\"cover\",\"media_overlay\":\"rgba(0, 0, 0, 0.47)\",\"style\":\"default\",\"title_breakpoint\":\"xl\",\"title_position\":\"top-left\",\"title_rotation\":\"left\",\"vertical_align\":\"middle\",\"width\":\"default\"},\"children\":[{\"type\":\"row\",\"children\":[{\"type\":\"column\",\"props\":{\"image_position\":\"center-center\",\"position_sticky_breakpoint\":\"m\",\"text_color\":\"light\"},\"children\":[{\"type\":\"headline\",\"props\":{\"content\":\"Truffles Italy\",\"text_align\":\"center\",\"title_element\":\"h1\",\"title_style\":\"heading-large\"}},{\"type\":\"text\",\"props\":{\"column_breakpoint\":\"m\",\"content\":\"\n\n<p>\\\"Discover the authentic taste of Italy with Truffles Italy. Our truffles are 100% Italian and come directly from the rich soils of Umbria, the Italian region richest in truffles. With a range of options, including white, black and prized truffles in various sizes and formats, we guarantee freshness and quality in every bite. Allow yourself to be tempted by the luxurious taste of Umbria with Truffles Italy - the choice of the true connoisseur.\\\"<\\\/p>\",\"margin\":\"default\"}},{\"type\":\"button\",\"props\":{\"grid_column_gap\":\"small\",\"grid_row_gap\":\"small\",\"margin\":\"default\",\"text_align\":\"center\"},\"children\":[{\"type\":\"button_item\",\"props\":{\"button_style\":\"default\",\"content\":\"Discover our products\",\"icon_align\":\"left\",\"link\":\"#truffles\",\"link_title\":\"Discover our products\"}}]}]}]}]},{\"type\":\"section\",\"props\":{\"id\":\"top\",\"image_position\":\"center-center\",\"style\":\"default\",\"title_breakpoint\":\"xl\",\"title_position\":\"top-left\",\"title_rotation\":\"left\",\"vertical_align\":\"middle\",\"width\":\"default\"},\"children\":[{\"type\":\"row\",\"children\":[{\"type\":\"column\",\"props\":{\"image_position\":\"center-center\",\"position_sticky_breakpoint\":\"m\"},\"children\":[{\"type\":\"headline\",\"props\":{\"content\":\"About Us\",\"title_decoration\":\"bullet\",\"title_element\":\"h2\"}},{\"type\":\"text\",\"props\":{\"column_breakpoint\":\"m\",\"content\":\"\n\n<p>Welcome to Truffles Italy, a 100% Umbrian company that is the embodiment of authentic Italian luxury. Our roots are deeply intertwined with the fertile soils of Umbria, a region in Italy celebrated for producing the finest truffles.<\\\/p>\\n\n\n<p>We pride ourselves on our direct relationships with truffle hunters, which ensures the premium quality and authenticity of our wide variety of prized truffles. Each truffle is handpicked with care and precision, reflecting the mastery of our dedicated hunters and our commitment to excellence.<\\\/p>\\n\n\n<p>Truffles Italy is not just a business; we represent a tradition, a lifestyle, and a promise to uphold the rich culinary heritage of Umbria. Our offerings range from white to black, and other highly coveted truffles, all delivered directly to our customers around the globe.<\\\/p>\\n\n\n<p>When you choose Truffles Italy, you're not just buying a product; you're investing in a piece of Italian luxury, experiencing the true taste of Umbria, and supporting a tradition that has been passed down through generations. Welcome to Truffles Italy, where quality meets authenticity.<\\\/p>\",\"margin\":\"default\"}}]}]}]},{\"type\":\"section\",\"props\":{\"id\":\"truffles\",\"image_position\":\"center-center\",\"style\":\"default\",\"title_breakpoint\":\"xl\",\"title_position\":\"top-left\",\"title_rotation\":\"left\",\"vertical_align\":\"middle\",\"width\":\"default\"},\"children\":[{\"type\":\"row\",\"children\":[{\"type\":\"column\",\"props\":{\"image_position\":\"center-center\",\"position_sticky_breakpoint\":\"m\"},\"children\":[{\"type\":\"headline\",\"props\":{\"content\":\"Our Truffles\",\"title_decoration\":\"bullet\",\"title_element\":\"h2\"}},{\"type\":\"grid\",\"props\":{\"content_column_breakpoint\":\"m\",\"filter_align\":\"left\",\"filter_all\":true,\"filter_grid_breakpoint\":\"m\",\"filter_grid_width\":\"auto\",\"filter_position\":\"top\",\"filter_style\":\"tab\",\"grid_default\":\"1\",\"grid_medium\":\"\",\"icon_width\":80,\"image_align\":\"left\",\"image_grid_breakpoint\":\"m\",\"image_grid_width\":\"1-3\",\"image_height\":\"600\",\"image_svg_color\":\"emphasis\",\"image_vertical_align\":true,\"image_width\":\"600\",\"item_animation\":true,\"link_style\":\"primary\",\"link_text\":\"go to the product\",\"margin\":\"default\",\"meta_align\":\"below-title\",\"meta_element\":\"div\",\"meta_style\":\"text-meta\",\"panel_image_no_padding\":true,\"panel_padding\":\"small\",\"panel_style\":\"card-default\",\"show_content\":true,\"show_image\":true,\"show_link\":true,\"show_meta\":true,\"show_title\":true,\"title_align\":\"top\",\"title_element\":\"h3\",\"title_grid_breakpoint\":\"m\",\"title_grid_width\":\"1-2\",\"title_hover_style\":\"reset\"},\"children\":[{\"type\":\"grid_item\",\"props\":{\"content\":\"\n\n<p>The Precious Black Truffle, also known as 'Tuber Melanosporum', is a true jewel of the culinary world. Harvested in the heart of winter, it is highly prized for its unique and intense aroma that can transform any dish into a gourmet experience.<\\\/p>\\n\n\n<p>The exterior of the Precious Black Truffle is characterized by a rough, warty surface. It's inside, however, where the magic truly lies. When cut open, it reveals a rich, dark color, almost black, with white veins running through it, creating a striking contrast that is as visually appealing as it is delicious.<\\\/p>\\n\n\n<p>On the palate, the Precious Black Truffle offers a complex flavor profile. It starts with a blend of earthy and nutty notes, followed by hints of chocolate, and finishes with a subtle touch of bitterness, providing an unforgettable taste sensation.<\\\/p>\\n\n\n<p>At Truffles Italy, our Precious Black Truffles are handpicked with utmost care by our dedicated truffle hunters, ensuring only the best quality truffles reach your table. Adding our truffles to your meals not only elevates the flavor but also brings a piece of Italian luxury to your dining experience.<\\\/p>\",\"image\":\"wp-content\\\/uploads\\\/2023\\\/11\\\/nero-pregiato-1.jpg\",\"link\":\"prodotto\\\/precious-black-truffle\\\/\",\"title\":\"Precious Black Truffle\"}},{\"type\":\"grid_item\",\"props\":{\"content\":\"\n\n<p>The Black Summer Truffle, scientifically known as 'Tuber Aestivum', is a culinary delight that adds a touch of Italian luxury to your dishes. Harvested in the warm months from May to September, this variety of truffle brings a unique charm to summer cuisine.<\\\/p>\\n\n\n<p>The exterior of the Black Summer Truffle has a rough, black surface while its interior reveals a lighter color, often a pale cream or grey with delicate white marbling. This contrast makes it visually appealing and a standout ingredient in any dish.<\\\/p>\\n\n\n<p>Though more subtle than its winter counterpart, the Black Summer Truffle still offers a rich and complex flavor profile. It imparts a delicate, slightly sweet and earthy aroma with hints of hazelnut, making it a versatile addition to a wide range of dishes - from simple pasta to more elaborate meat dishes.<\\\/p>\\n\n\n<p>At Truffles Italy, our Black Summer Truffles are handpicked by experienced truffle hunters who ensure only the highest quality truffles are selected. When you choose our Black Summer Truffles, you're bringing an authentic taste of Italian summer to your plate.<\\\/p>\",\"image\":\"wp-content\\\/uploads\\\/2023\\\/11\\\/nero-estivo.jpg\",\"link\":\"prodotto\\\/black-summer-truffle\\\/\",\"title\":\"Black Summer Truffle\"}},{\"type\":\"grid_item\",\"props\":{\"content\":\"\n\n<p>The White Truffle, also known as 'Tuber Magnatum Pico', is the crown jewel of Italian gastronomy and one of the most coveted truffles in the world. Harvested in the autumn months, it is renowned for its distinct and intoxicating aroma that can enrich any dish.<\\\/p>\\n\n\n<p>The White Truffle features a smooth, golden exterior that encases a pale cream to ochre-yellow flesh, marbled with fine white veins. This delicate interior is where the truffle holds its powerful aroma and complex flavor.<\\\/p>\\n\n\n<p>The flavor profile of the White Truffle is truly remarkable, offering a unique blend of garlic, cheese, and earthy notes. The aroma is intense yet refined, permeating through every dish it graces, leaving an unforgettable taste experience.<\\\/p>\\n\n\n<p>At Truffles Italy, our White Truffles are carefully handpicked by our experienced truffle hunters, ensuring only the finest truffles reach our customers. Choosing our White Truffles means enjoying an unparalleled culinary luxury, a true taste of Italian heritage.<\\\/p>\",\"image\":\"wp-content\\\/uploads\\\/2023\\\/11\\\/bianco-1.jpg\",\"link\":\"prodotto\\\/white-truffle\\\/\",\"title\":\"White Truffle\"}},{\"type\":\"grid_item\",\"props\":{\"content\":\"\n\n<p>The Bianchetto Truffle, also known as 'Tuber Borchii' or 'Tuber Albidum Pico', is a prized truffle variety that offers a distinctive and robust flavor. Harvested in the winter and spring months, it's considered a delightful alternative to the more expensive White Truffle.<\\\/p>\\n\n\n<p>The Bianchetto Truffle has a smooth, light skin, often with a pinkish hue. Inside, it reveals a varied color palette ranging from white to reddish-brown, interspersed with white veins that become more pronounced with maturity.<\\\/p>\\n\n\n<p>While smaller than other truffle varieties, the Bianchetto Truffle is big on flavor. It has a strong, garlicky aroma, and its taste delivers an intriguing mix of sweet and spicy notes, adding depth and complexity to any dish.<\\\/p>\\n\n\n<p>At Truffles Italy, our Bianchetto Truffles are carefully selected by our trained truffle hunters, ensuring we deliver only the best quality truffles to our customers. With our Bianchetto Truffles, you can bring a unique twist to your culinary creations.<\\\/p>\",\"image\":\"wp-content\\\/uploads\\\/2023\\\/11\\\/bianchetto.jpg\",\"link\":\"prodotto\\\/bianchetto-truffle\\\/\",\"title\":\"Bianchetto Truffle\"}},{\"type\":\"grid_item\",\"props\":{\"content\":\"\n\n<p>The Uncinato Truffle, or Tuber Uncinatum, ripens in the Autumn-Winter season and is known for its high organoleptic qualities. It can reach a considerable size and is often described as aesthetically perfect<sup><\\\/sup>. It is very similar to the Summer Truffle (Tuber aestivum), but it has less large warts, a much darker gleba (the inner part of the truffle), a stronger and more pleasant scent, and a more marked flavor<sup><\\\/sup>.<\\\/p>\\n\n\n<p>Its outer skin, or peridium, is black with underdeveloped warts<sup><\\\/sup>. The Uncinato Truffle develops in the same areas as the summer truffle, usually in cool areas<sup><\\\/sup>. The harvesting period is from October to mid-March<sup><\\\/sup>.<\\\/p>\\n\n\n<p>The Uncinato Truffle has a delicate and pleasant scent<sup><\\\/sup>, and its taste has been described as more intense and flavorful than the black summer truffle<sup><\\\/sup>. It can be used to garnish dishes, giving them elegance and a unique flavor<sup><\\\/sup>.<\\\/p>\\n\n\n<p>Please note that truffles should be stored properly to maintain their flavor and aroma. Always purchase from a reputable source to ensure you're getting a high-quality product.<\\\/p>\",\"image\":\"wp-content\\\/uploads\\\/2023\\\/11\\\/uncinato-1.jpg\",\"link\":\"prodotto\\\/uncinato-truffle\\\/\",\"title\":\"Uncinato Truffle\"}}]}]}]}]}],\"version\":\"4.2.6\"} --><\/p>\n","protected":false},"excerpt":{"rendered":"<p>Truffles Italy \u00ab\u00a0D\u00e9couvrez le go\u00fbt authentique de l&rsquo;Italie avec Truffles Italy. Nos truffes sont 100 % italiennes et proviennent directement des riches sols de l&rsquo;Ombrie, la r\u00e9gion italienne la plus riche en truffes. Avec une gamme d&rsquo;options comprenant des truffes blanches, des truffes noires et des truffes prim\u00e9es de tailles et de formats diff\u00e9rents, nous [&hellip;]<\/p>\n","protected":false},"author":1,"featured_media":0,"parent":0,"menu_order":0,"comment_status":"closed","ping_status":"closed","template":"","meta":{"footnotes":""},"class_list":["post-211","page","type-page","status-publish","hentry"],"_links":{"self":[{"href":"https:\/\/www.trufflesitaly.com\/fr\/wp-json\/wp\/v2\/pages\/211","targetHints":{"allow":["GET"]}}],"collection":[{"href":"https:\/\/www.trufflesitaly.com\/fr\/wp-json\/wp\/v2\/pages"}],"about":[{"href":"https:\/\/www.trufflesitaly.com\/fr\/wp-json\/wp\/v2\/types\/page"}],"author":[{"embeddable":true,"href":"https:\/\/www.trufflesitaly.com\/fr\/wp-json\/wp\/v2\/users\/1"}],"replies":[{"embeddable":true,"href":"https:\/\/www.trufflesitaly.com\/fr\/wp-json\/wp\/v2\/comments?post=211"}],"version-history":[{"count":40,"href":"https:\/\/www.trufflesitaly.com\/fr\/wp-json\/wp\/v2\/pages\/211\/revisions"}],"predecessor-version":[{"id":753,"href":"https:\/\/www.trufflesitaly.com\/fr\/wp-json\/wp\/v2\/pages\/211\/revisions\/753"}],"wp:attachment":[{"href":"https:\/\/www.trufflesitaly.com\/fr\/wp-json\/wp\/v2\/media?parent=211"}],"curies":[{"name":"wp","href":"https:\/\/api.w.org\/{rel}","templated":true}]}}