{"id":238,"date":"2023-11-04T17:23:31","date_gmt":"2023-11-04T16:23:31","guid":{"rendered":"https:\/\/www.trufflesitaly.com\/product\/trufa-negra-de-verano\/"},"modified":"2024-03-14T17:23:52","modified_gmt":"2024-03-14T16:23:52","slug":"trufa-negra-de-verano","status":"publish","type":"product","link":"https:\/\/www.trufflesitaly.com\/es\/producto\/trufa-negra-de-verano\/","title":{"rendered":"Trufa Negra de Verano"},"content":{"rendered":"<p>La trufa negra de verano, conocida como Tuber Aestivum Vitt, es alabada en todo el mundo por su sabor \u00fanico. Disponible en tama\u00f1os de 50 g, 100 g, 250 g, 500 g y 1 kg, ofrece vers\u00e1tiles aplicaciones culinarias. Es un producto imprescindible para quien quiera mejorar sus platos.<\/p>\n","protected":false},"excerpt":{"rendered":"<p>La trufa negra de verano, conocida como Tuber Aestivum Vitt, es alabada en todo el mundo por su sabor \u00fanico. Disponible en tama\u00f1os de 50 g, 100 g, 250 g, 500 g y 1 kg, ofrece vers\u00e1tiles aplicaciones culinarias. Es un producto imprescindible para quien quiera mejorar sus platos.<\/p>\n","protected":false},"featured_media":189,"comment_status":"open","ping_status":"closed","template":"","meta":[],"product_brand":[],"product_cat":[75],"product_tag":[],"class_list":{"0":"post-238","1":"product","2":"type-product","3":"status-publish","4":"has-post-thumbnail","6":"product_cat-trufa-fresca-es","8":"first","9":"onbackorder","10":"taxable","11":"shipping-taxable","12":"purchasable","13":"product-type-variable"},"_links":{"self":[{"href":"https:\/\/www.trufflesitaly.com\/es\/wp-json\/wp\/v2\/product\/238","targetHints":{"allow":["GET"]}}],"collection":[{"href":"https:\/\/www.trufflesitaly.com\/es\/wp-json\/wp\/v2\/product"}],"about":[{"href":"https:\/\/www.trufflesitaly.com\/es\/wp-json\/wp\/v2\/types\/product"}],"replies":[{"embeddable":true,"href":"https:\/\/www.trufflesitaly.com\/es\/wp-json\/wp\/v2\/comments?post=238"}],"wp:featuredmedia":[{"embeddable":true,"href":"https:\/\/www.trufflesitaly.com\/es\/wp-json\/wp\/v2\/media\/189"}],"wp:attachment":[{"href":"https:\/\/www.trufflesitaly.com\/es\/wp-json\/wp\/v2\/media?parent=238"}],"wp:term":[{"taxonomy":"product_brand","embeddable":true,"href":"https:\/\/www.trufflesitaly.com\/es\/wp-json\/wp\/v2\/product_brand?post=238"},{"taxonomy":"product_cat","embeddable":true,"href":"https:\/\/www.trufflesitaly.com\/es\/wp-json\/wp\/v2\/product_cat?post=238"},{"taxonomy":"product_tag","embeddable":true,"href":"https:\/\/www.trufflesitaly.com\/es\/wp-json\/wp\/v2\/product_tag?post=238"}],"curies":[{"name":"wp","href":"https:\/\/api.w.org\/{rel}","templated":true}]}}