{"id":230,"date":"2023-11-04T17:27:05","date_gmt":"2023-11-04T16:27:05","guid":{"rendered":"https:\/\/www.trufflesitaly.com\/product\/trufa-uncinato\/"},"modified":"2024-03-14T17:38:37","modified_gmt":"2024-03-14T16:38:37","slug":"trufa-uncinato","status":"publish","type":"product","link":"https:\/\/www.trufflesitaly.com\/es\/producto\/trufa-uncinato\/","title":{"rendered":"Trufa Uncinato"},"content":{"rendered":"<p>La trufa Uncinato, tambi\u00e9n conocida como Tuber Uncinatum, es una variedad de trufa muy apreciada por chefs y aficionados a la gastronom\u00eda de todo el mundo. Est\u00e1 disponible en varios tama\u00f1os, como 50 g, 100 g, 250 g, 500 g y 1 kg. Esta variedad de trufa es perfecta para quienes desean a\u00f1adir un toque de lujo gastron\u00f3mico a sus platos.<\/p>\n","protected":false},"excerpt":{"rendered":"<p>La trufa Uncinato, tambi\u00e9n conocida como Tuber Uncinatum, es una variedad de trufa muy apreciada por chefs y aficionados a la gastronom\u00eda de todo el mundo. Est\u00e1 disponible en varios tama\u00f1os, como 50 g, 100 g, 250 g, 500 g y 1 kg. Esta variedad de trufa es perfecta para quienes desean a\u00f1adir un toque [&hellip;]<\/p>\n","protected":false},"featured_media":193,"comment_status":"open","ping_status":"closed","template":"","meta":[],"product_brand":[],"product_cat":[75],"product_tag":[],"class_list":{"0":"post-230","1":"product","2":"type-product","3":"status-publish","4":"has-post-thumbnail","6":"product_cat-trufa-fresca-es","8":"first","9":"onbackorder","10":"taxable","11":"shipping-taxable","12":"product-type-variable","13":"has-default-attributes"},"_links":{"self":[{"href":"https:\/\/www.trufflesitaly.com\/es\/wp-json\/wp\/v2\/product\/230","targetHints":{"allow":["GET"]}}],"collection":[{"href":"https:\/\/www.trufflesitaly.com\/es\/wp-json\/wp\/v2\/product"}],"about":[{"href":"https:\/\/www.trufflesitaly.com\/es\/wp-json\/wp\/v2\/types\/product"}],"replies":[{"embeddable":true,"href":"https:\/\/www.trufflesitaly.com\/es\/wp-json\/wp\/v2\/comments?post=230"}],"wp:featuredmedia":[{"embeddable":true,"href":"https:\/\/www.trufflesitaly.com\/es\/wp-json\/wp\/v2\/media\/193"}],"wp:attachment":[{"href":"https:\/\/www.trufflesitaly.com\/es\/wp-json\/wp\/v2\/media?parent=230"}],"wp:term":[{"taxonomy":"product_brand","embeddable":true,"href":"https:\/\/www.trufflesitaly.com\/es\/wp-json\/wp\/v2\/product_brand?post=230"},{"taxonomy":"product_cat","embeddable":true,"href":"https:\/\/www.trufflesitaly.com\/es\/wp-json\/wp\/v2\/product_cat?post=230"},{"taxonomy":"product_tag","embeddable":true,"href":"https:\/\/www.trufflesitaly.com\/es\/wp-json\/wp\/v2\/product_tag?post=230"}],"curies":[{"name":"wp","href":"https:\/\/api.w.org\/{rel}","templated":true}]}}