{"id":550,"date":"2023-12-11T18:55:28","date_gmt":"2023-12-11T17:55:28","guid":{"rendered":"https:\/\/www.trufflesitaly.com\/caza-de-trufas\/"},"modified":"2024-02-22T16:33:37","modified_gmt":"2024-02-22T15:33:37","slug":"caza-de-trufas","status":"publish","type":"page","link":"https:\/\/www.trufflesitaly.com\/es\/caza-de-trufas\/","title":{"rendered":"Caza de Trufas"},"content":{"rendered":"<h1>Truffle Hunting<\/h1>\n<div>\n<p><span>En Truffles Italy nos preocupamos por la calidad y el origen del producto. Nuestros cazadores salen todos los d\u00edas en busca de trufas frescas con sus amigos de cuatro patas. Como ver\u00e1s en los videos, la investigaci\u00f3n se lleva a cabo en la naturaleza incontaminada. Disfruta de la magia de la caza de trufas.<\/span><\/p>\n<\/div>\n<p><video src=\"\/wp-content\/uploads\/2023\/12\/Progetto-senza-titolo-1-1.mp4\" poster=\"\"><\/video><\/p>\n<p><!--more--><br \/>\n<!-- {\"type\":\"layout\",\"children\":[{\"type\":\"section\",\"props\":{\"image_position\":\"center-center\",\"style\":\"default\",\"title_breakpoint\":\"xl\",\"title_position\":\"top-left\",\"title_rotation\":\"left\",\"vertical_align\":\"middle\",\"width\":\"default\"},\"children\":[{\"type\":\"row\",\"children\":[{\"type\":\"column\",\"props\":{\"image_position\":\"center-center\",\"position_sticky_breakpoint\":\"m\"},\"children\":[{\"type\":\"headline\",\"props\":{\"content\":\"Truffle Hunting\",\"title_element\":\"h1\"}},{\"type\":\"text\",\"props\":{\"column_breakpoint\":\"m\",\"content\":\"\n\n<p><span>En Truffles Italy nos preocupamos por la calidad y el origen del producto. Nuestros cazadores salen todos los d\\u00edas en busca de trufas frescas con sus amigos de cuatro patas. Como ver\\u00e1s en los videos, la investigaci\\u00f3n se lleva a cabo en la naturaleza incontaminada. Disfruta de la magia de la caza de trufas.<\\\/span><\\\/p>\",\"margin\":\"default\",\"text_color\":\"primary\",\"text_style\":\"large\"}},{\"type\":\"video\",\"props\":{\"margin\":\"default\",\"text_align\":\"center\",\"video\":\"wp-content\\\/uploads\\\/2023\\\/12\\\/Progetto-senza-titolo-1-1.mp4\",\"video_controls\":true}}]}]}]}],\"version\":\"4.2.11\"} --><\/p>\n","protected":false},"excerpt":{"rendered":"<p>Truffle Hunting En Truffles Italy nos preocupamos por la calidad y el origen del producto. Nuestros cazadores salen todos los d\u00edas en busca de trufas frescas con sus amigos de cuatro patas. Como ver\u00e1s en los videos, la investigaci\u00f3n se lleva a cabo en la naturaleza incontaminada. Disfruta de la magia de la caza de [&hellip;]<\/p>\n","protected":false},"author":1,"featured_media":0,"parent":0,"menu_order":0,"comment_status":"closed","ping_status":"closed","template":"","meta":{"footnotes":""},"class_list":["post-550","page","type-page","status-publish","hentry"],"_links":{"self":[{"href":"https:\/\/www.trufflesitaly.com\/es\/wp-json\/wp\/v2\/pages\/550","targetHints":{"allow":["GET"]}}],"collection":[{"href":"https:\/\/www.trufflesitaly.com\/es\/wp-json\/wp\/v2\/pages"}],"about":[{"href":"https:\/\/www.trufflesitaly.com\/es\/wp-json\/wp\/v2\/types\/page"}],"author":[{"embeddable":true,"href":"https:\/\/www.trufflesitaly.com\/es\/wp-json\/wp\/v2\/users\/1"}],"replies":[{"embeddable":true,"href":"https:\/\/www.trufflesitaly.com\/es\/wp-json\/wp\/v2\/comments?post=550"}],"version-history":[{"count":10,"href":"https:\/\/www.trufflesitaly.com\/es\/wp-json\/wp\/v2\/pages\/550\/revisions"}],"predecessor-version":[{"id":640,"href":"https:\/\/www.trufflesitaly.com\/es\/wp-json\/wp\/v2\/pages\/550\/revisions\/640"}],"wp:attachment":[{"href":"https:\/\/www.trufflesitaly.com\/es\/wp-json\/wp\/v2\/media?parent=550"}],"curies":[{"name":"wp","href":"https:\/\/api.w.org\/{rel}","templated":true}]}}