{"id":208,"date":"2023-11-04T14:38:35","date_gmt":"2023-11-04T13:38:35","guid":{"rendered":"https:\/\/www.trufflesitaly.com\/inicio\/"},"modified":"2023-12-11T13:42:52","modified_gmt":"2023-12-11T12:42:52","slug":"inicio","status":"publish","type":"page","link":"https:\/\/www.trufflesitaly.com\/es\/","title":{"rendered":"Inicio"},"content":{"rendered":"<h1>Truffles Italy<\/h1>\n<div>\n<p><span>\u00abDescubra el aut\u00e9ntico sabor de Italia con Truffles Italy. Nuestras trufas son 100% Italianas y proceden directamente de los ricos suelos de Umbr\u00eda, la regi\u00f3n italiana m\u00e1s rica en trufas. Con una gama de opciones que incluye trufas blancas, negras y preciadas en varios tama\u00f1os y formatos, garantizamos frescura y calidad en cada bocado. D\u00e9jese tentar por el lujoso sabor de Umbr\u00eda con Trufas Italia: la elecci\u00f3n del verdadero conocedor\u00bb.<\/span><\/p>\n<\/div>\n<p>\n    <a href=\"#truffles\">Descubra nuestros productos<\/a>\n<\/p>\n<h2><span>Qui\u00e9nes Somos<\/span><\/h2>\n<div>\n<p><span>Bienvenido a Truffles Italy, una empresa 100% Umbra que encarna el aut\u00e9ntico lujo Italiano.<\/span> <span>Nuestras ra\u00edces est\u00e1n profundamente entrelazadas con los f\u00e9rtiles suelos de Umbr\u00eda, una regi\u00f3n italiana famosa por producir las mejores trufas.<\/span><\/p>\n<p><span>Nos enorgullecemos de nuestras relaciones directas con los buscadores de trufas, lo que garantiza la m\u00e1xima calidad y autenticidad de nuestra amplia variedad de preciadas trufas.<\/span><span>\u00a0<\/span> <span>Cada trufa se recoge a mano con cuidado y precisi\u00f3n, lo que refleja la maestr\u00eda de nuestros dedicados cazadores y nuestro compromiso con la excelencia.<\/span><\/p>\n<p><span>Truffles Italy no es s\u00f3lo un negocio; representamos una tradici\u00f3n, un estilo de vida y una promesa de mantener el rico patrimonio culinario de Umbr\u00eda.<\/span> <span>Nuestra oferta abarca desde trufas blancas a negras, pasando por otras muy codiciadas, todas ellas entregadas directamente a nuestros clientes en todo el mundo.<\/span><\/p>\n<p><span>Cuando elige Truffles Italy, no s\u00f3lo est\u00e1 comprando un producto; est\u00e1 invirtiendo en una pieza de lujo italiano, experimentando el verdadero sabor de Umbr\u00eda y apoyando una tradici\u00f3n que se ha transmitido de generaci\u00f3n en generaci\u00f3n.<\/span> <span>Bienvenido a Truffles Italy, donde la calidad se une a la autenticidad.<\/span><\/p>\n<\/div>\n<h2><span>Nuestras Trufas<\/span><\/h2>\n<ul>\n<li>\n<p>        <img decoding=\"async\" src=\"\/wp-content\/uploads\/2023\/11\/nero-pregiato-1.jpg\" alt=\"\"><\/p>\n<h3>Preciosa Trufa Negra<\/h3>\n<div>\n<p>La Preciosa Trufa Negra, tambi\u00e9n conocida como \u00abTuber Melanosporum\u00bb, es una aut\u00e9ntica joya del mundo culinario. Recolectada en pleno invierno, es muy apreciada por su aroma \u00fanico e intenso, capaz de transformar cualquier plato en una experiencia gourmet.<\/p>\n<p>El exterior de la Trufa Negra Preciosa se caracteriza por una superficie rugosa y verrugosa. Sin embargo, es en el interior donde reside la verdadera magia. Al cortarla, revela un intenso color oscuro, casi negro, con vetas blancas que la atraviesan, creando un llamativo contraste que resulta tan atractivo a la vista como delicioso. En boca, la Trufa Negra<\/p>\n<p>Preciosa ofrece un perfil de sabor complejo. Comienza con una mezcla de notas terrosas y de frutos secos, seguida de toques de chocolate, y termina con un sutil toque de amargor, proporcionando una sensaci\u00f3n gustativa inolvidable. En Truffles Italy, nuestros buscadores de trufas recolectan a mano con sumo cuidado nuestras preciadas trufas negras, garantizando que s\u00f3lo lleguen a su mesa las trufas de la mejor calidad.<\/p>\n<p>A\u00f1adir nuestras trufas a sus comidas no s\u00f3lo eleva el sabor, sino que tambi\u00e9n aporta un toque de lujo Italiano a su experiencia gastron\u00f3mica.<\/p>\n<\/div>\n<p><a href=\"\/prodotto\/precious-black-truffle\/\">ve al producto<\/a><\/p>\n<\/li>\n<li>\n<p>        <img decoding=\"async\" src=\"\/wp-content\/uploads\/2023\/11\/nero-estivo.jpg\" alt=\"\"><\/p>\n<h3>Trufa Negra de Verano<\/h3>\n<div>\n<p>La Trufa Negra de Verano, conocida cient\u00edficamente como \u00abTuber Aestivum\u00bb, es una delicia culinaria que a\u00f1ade un toque de lujo Italiano a sus platos. Recolectada en los meses c\u00e1lidos de mayo a septiembre, esta variedad de trufa aporta un encanto \u00fanico a la cocina estival.<\/p>\n<p>El exterior de la Trufa Negra de Verano presenta una superficie rugosa y negra, mientras que su interior revela un color m\u00e1s claro, a menudo crema p\u00e1lido o gris con un delicado jaspeado blanco. Este contraste lo hace visualmente atractivo y un ingrediente destacado en cualquier plato.<\/p>\n<p>Aunque m\u00e1s sutil que su hom\u00f3loga de invierno, la Trufa Negra de Verano sigue ofreciendo un perfil de sabor rico y complejo. Imparte un aroma delicado, ligeramente dulce y terroso, con notas de avellana, lo que lo convierte en un complemento vers\u00e1til para una amplia gama de platos, desde la pasta sencilla hasta los platos de carne m\u00e1s elaborados. En Truffles Italy, nuestras Trufas Negras de Verano son recolectadas a mano por experimentados buscadores de trufas que se aseguran de seleccionar s\u00f3lo las trufas de mayor calidad.<\/p>\n<p>Al elegir nuestras Trufas Negras de Verano, estar\u00e1 llevando a su plato el aut\u00e9ntico sabor del verano Italiano.<\/p>\n<\/div>\n<p><a href=\"\/prodotto\/black-summer-truffle\/\">ve al producto<\/a><\/p>\n<\/li>\n<li>\n<p>        <img decoding=\"async\" src=\"\/wp-content\/uploads\/2023\/11\/bianco-1.jpg\" alt=\"\"><\/p>\n<h3>Trufa Blanca <\/h3>\n<div>\n<p>La Trufa Blanca, tambi\u00e9n conocida como \u00abTuber Magnatum Pico\u00bb, es la joya de la corona de la gastronom\u00eda Italiana y una de las trufas m\u00e1s codiciadas del mundo. Recolectada en los meses de oto\u00f1o, es famosa por su aroma inconfundible y embriagador, capaz de enriquecer cualquier plato.<\/p>\n<p>La Trufa Blanca presenta un exterior liso y dorado que encierra una pulpa entre crema p\u00e1lido y amarillo ocre, jaspeada de finas vetas blancas. Este delicado interior es donde la trufa guarda su potente aroma y su complejo sabor. El perfil de sabor de la Trufa Blanca es realmente extraordinario, ya que ofrece una mezcla \u00fanica de ajo, queso y notas terrosas.<\/p>\n<p>El aroma es intenso pero refinado, impregna todos los platos que adorna y deja una experiencia gustativa inolvidable. En Truffles Italy, nuestras Trufas Blancas son cuidadosamente seleccionadas a mano por nuestros experimentados buscadores de trufas, garantizando que s\u00f3lo las mejores trufas lleguen a nuestros clientes.<\/p>\n<p>Elegir nuestras Trufas Blancas significa disfrutar de un lujo culinario sin igual, un verdadero sabor a herencia Italiana.<\/p>\n<\/div>\n<p><a href=\"\/prodotto\/white-truffle\/\">ve al producto<\/a><\/p>\n<\/li>\n<li>\n<p>        <img decoding=\"async\" src=\"\/wp-content\/uploads\/2023\/11\/bianchetto.jpg\" alt=\"\"><\/p>\n<h3>Trufa Bianchetto<\/h3>\n<div>\n<p>La Trufa Bianchetto, tambi\u00e9n conocida como \u00abTuber Borchii\u00bb o \u00abTuber Albidum Pico\u00bb, es una apreciada variedad de trufa que ofrece un sabor caracter\u00edstico y robusto. Recolectada en los meses de invierno y primavera, se considera una deliciosa alternativa a la m\u00e1s cara trufa blanca.<\/p>\n<p>La Trufa Bianchetto tiene una piel lisa y clara, a menudo con un tono rosado. En su interior, revela una variada paleta de colores que van del blanco al marr\u00f3n rojizo, intercalados con vetas blancas que se acent\u00faan con la madurez. Aunque m\u00e1s peque\u00f1a que otras variedades de trufa, la Trufa Bianchetto es grande en sabor.<\/p>\n<p>Tiene un fuerte aroma a ajo, y su sabor ofrece una intrigante mezcla de notas dulces y picantes, que a\u00f1aden profundidad y complejidad a cualquier plato. En Truffles Italy, nuestras Trufas Bianchetto son cuidadosamente seleccionadas por nuestros entrenados cazadores de trufas, garantizando que s\u00f3lo entregamos a nuestros clientes las trufas de la mejor calidad.<\/p>\n<p>Con nuestras Trufas Bianchetto, podr\u00e1 dar un toque \u00fanico a sus creaciones culinarias.<\/p>\n<\/div>\n<p><a href=\"\/prodotto\/bianchetto-truffle\/\">ve al producto<\/a><\/p>\n<\/li>\n<li>\n<p>        <img decoding=\"async\" src=\"\/wp-content\/uploads\/2023\/11\/uncinato-1.jpg\" alt=\"\"><\/p>\n<h3>Trufa Uncinato<\/h3>\n<div>\n<p>La Trufa Uncinato, o Tuber Uncinatum, madura en la temporada de oto\u00f1o-invierno y es conocida por sus elevadas cualidades organol\u00e9pticas. Puede alcanzar un tama\u00f1o considerable y a menudo se describe como est\u00e9ticamente perfecto.<\/p>\n<p>Es muy parecida a la Trufa de Verano (Tuber aestivum), pero tiene verrugas menos grandes, una gleba (la parte interior de la trufa) mucho m\u00e1s oscura, un olor m\u00e1s fuerte y agradable, y un sabor m\u00e1s marcado. Su piel exterior, o peridio, es negra con verrugas subdesarrolladas. La Trufa Uncinato se desarrolla en las mismas zonas que la trufa de verano, normalmente en zonas frescas.<\/p>\n<p>El periodo de recolecci\u00f3n va de Octubre a mediados de Marzo. La Trufa Uncinato tiene un aroma delicado y agradable, y su sabor se ha descrito como m\u00e1s intenso y sabroso que el de la Trufa Negra de Verano. Se puede utilizar para adornar platos, d\u00e1ndoles elegancia y un sabor \u00fanico. Tenga en cuenta que las trufas deben conservarse adecuadamente para mantener su sabor y aroma.<\/p>\n<p>Compre siempre en un establecimiento de confianza para asegurarse de obtener un producto de alta calidad.<\/p>\n<\/div>\n<p><a href=\"\/prodotto\/uncinato-truffle\/\">ve al producto<\/a><\/p>\n<\/li>\n<\/ul>\n<p><!--more--><br \/>\n<!-- {\"type\":\"layout\",\"children\":[{\"type\":\"section\",\"props\":{\"height\":\"full\",\"image\":\"wp-content\\\/uploads\\\/2023\\\/11\\\/Immagine-WhatsApp-2023-11-04-ore-16.05.52_96f8bc37.jpg\",\"image_position\":\"center-center\",\"image_size\":\"cover\",\"media_overlay\":\"rgba(0, 0, 0, 0.47)\",\"style\":\"default\",\"title_breakpoint\":\"xl\",\"title_position\":\"top-left\",\"title_rotation\":\"left\",\"vertical_align\":\"middle\",\"width\":\"default\"},\"children\":[{\"type\":\"row\",\"children\":[{\"type\":\"column\",\"props\":{\"image_position\":\"center-center\",\"position_sticky_breakpoint\":\"m\",\"text_color\":\"light\"},\"children\":[{\"type\":\"headline\",\"props\":{\"content\":\"Truffles Italy\",\"text_align\":\"center\",\"title_element\":\"h1\",\"title_style\":\"heading-large\"}},{\"type\":\"text\",\"props\":{\"column_breakpoint\":\"m\",\"content\":\"\n\n<p><span>\\\"Descubra el aut\\u00e9ntico sabor de Italia con Truffles Italy. Nuestras trufas son 100% Italianas y proceden directamente de los ricos suelos de Umbr\\u00eda, la regi\\u00f3n italiana m\\u00e1s rica en trufas. Con una gama de opciones que incluye trufas blancas, negras y preciadas en varios tama\\u00f1os y formatos, garantizamos frescura y calidad en cada bocado. D\\u00e9jese tentar por el lujoso sabor de Umbr\\u00eda con Trufas Italia: la elecci\\u00f3n del verdadero conocedor\\\".<\\\/span><\\\/p>\",\"margin\":\"default\"}},{\"type\":\"button\",\"props\":{\"grid_column_gap\":\"small\",\"grid_row_gap\":\"small\",\"margin\":\"default\",\"text_align\":\"center\"},\"children\":[{\"type\":\"button_item\",\"props\":{\"button_style\":\"default\",\"content\":\"Descubra nuestros productos\",\"icon_align\":\"left\",\"link\":\"#truffles\",\"link_title\":\"Discover our products\"}}]}]}]}]},{\"type\":\"section\",\"props\":{\"id\":\"top\",\"image_position\":\"center-center\",\"style\":\"default\",\"title_breakpoint\":\"xl\",\"title_position\":\"top-left\",\"title_rotation\":\"left\",\"vertical_align\":\"middle\",\"width\":\"default\"},\"children\":[{\"type\":\"row\",\"children\":[{\"type\":\"column\",\"props\":{\"image_position\":\"center-center\",\"position_sticky_breakpoint\":\"m\"},\"children\":[{\"type\":\"headline\",\"props\":{\"content\":\"<span>Qui\\u00e9nes Somos<\\\/span>\",\"title_decoration\":\"bullet\",\"title_element\":\"h2\"}},{\"type\":\"text\",\"props\":{\"column_breakpoint\":\"m\",\"content\":\"\n\n<p><span>Bienvenido a Truffles Italy, una empresa 100% Umbra que encarna el aut\\u00e9ntico lujo Italiano.<\\\/span> <span>Nuestras ra\\u00edces est\\u00e1n profundamente entrelazadas con los f\\u00e9rtiles suelos de Umbr\\u00eda, una regi\\u00f3n italiana famosa por producir las mejores trufas.<\\\/span><\\\/p>\\n\n\n<p><span>Nos enorgullecemos de nuestras relaciones directas con los buscadores de trufas, lo que garantiza la m\\u00e1xima calidad y autenticidad de nuestra amplia variedad de preciadas trufas.<\\\/span><span>\\u00a0<\\\/span> <span>Cada trufa se recoge a mano con cuidado y precisi\\u00f3n, lo que refleja la maestr\\u00eda de nuestros dedicados cazadores y nuestro compromiso con la excelencia.<\\\/span><\\\/p>\\n\n\n<p><span>Truffles Italy no es s\\u00f3lo un negocio; representamos una tradici\\u00f3n, un estilo de vida y una promesa de mantener el rico patrimonio culinario de Umbr\\u00eda.<\\\/span> <span>Nuestra oferta abarca desde trufas blancas a negras, pasando por otras muy codiciadas, todas ellas entregadas directamente a nuestros clientes en todo el mundo.<\\\/span><\\\/p>\\n\n\n<p><span>Cuando elige Truffles Italy, no s\\u00f3lo est\\u00e1 comprando un producto; est\\u00e1 invirtiendo en una pieza de lujo italiano, experimentando el verdadero sabor de Umbr\\u00eda y apoyando una tradici\\u00f3n que se ha transmitido de generaci\\u00f3n en generaci\\u00f3n.<\\\/span> <span>Bienvenido a Truffles Italy, donde la calidad se une a la autenticidad.<\\\/span><\\\/p>\",\"margin\":\"default\"}}]}]}]},{\"type\":\"section\",\"props\":{\"id\":\"truffles\",\"image_position\":\"center-center\",\"style\":\"default\",\"title_breakpoint\":\"xl\",\"title_position\":\"top-left\",\"title_rotation\":\"left\",\"vertical_align\":\"middle\",\"width\":\"default\"},\"children\":[{\"type\":\"row\",\"children\":[{\"type\":\"column\",\"props\":{\"image_position\":\"center-center\",\"position_sticky_breakpoint\":\"m\"},\"children\":[{\"type\":\"headline\",\"props\":{\"content\":\"<span>Nuestras Trufas<\\\/span>\",\"title_decoration\":\"bullet\",\"title_element\":\"h2\"}},{\"type\":\"grid\",\"props\":{\"content_column_breakpoint\":\"m\",\"filter_align\":\"left\",\"filter_all\":true,\"filter_grid_breakpoint\":\"m\",\"filter_grid_width\":\"auto\",\"filter_position\":\"top\",\"filter_style\":\"tab\",\"grid_default\":\"1\",\"grid_medium\":\"\",\"icon_width\":80,\"image_align\":\"left\",\"image_grid_breakpoint\":\"m\",\"image_grid_width\":\"1-3\",\"image_height\":\"600\",\"image_svg_color\":\"emphasis\",\"image_vertical_align\":true,\"image_width\":\"600\",\"item_animation\":true,\"link_style\":\"primary\",\"link_text\":\"ve al producto\",\"margin\":\"default\",\"meta_align\":\"below-title\",\"meta_element\":\"div\",\"meta_style\":\"text-meta\",\"panel_image_no_padding\":true,\"panel_padding\":\"small\",\"panel_style\":\"card-default\",\"show_content\":true,\"show_image\":true,\"show_link\":true,\"show_meta\":true,\"show_title\":true,\"title_align\":\"top\",\"title_element\":\"h3\",\"title_grid_breakpoint\":\"m\",\"title_grid_width\":\"1-2\",\"title_hover_style\":\"reset\"},\"children\":[{\"type\":\"grid_item\",\"props\":{\"content\":\"\n\n<p>La Preciosa Trufa Negra, tambi\\u00e9n conocida como \\\"Tuber Melanosporum\\\", es una aut\\u00e9ntica joya del mundo culinario. Recolectada en pleno invierno, es muy apreciada por su aroma \\u00fanico e intenso, capaz de transformar cualquier plato en una experiencia gourmet.<\\\/p>\\n\n\n<p>El exterior de la Trufa Negra Preciosa se caracteriza por una superficie rugosa y verrugosa. Sin embargo, es en el interior donde reside la verdadera magia. Al cortarla, revela un intenso color oscuro, casi negro, con vetas blancas que la atraviesan, creando un llamativo contraste que resulta tan atractivo a la vista como delicioso. En boca, la Trufa Negra<\\\/p>\\n\n\n<p>Preciosa ofrece un perfil de sabor complejo. Comienza con una mezcla de notas terrosas y de frutos secos, seguida de toques de chocolate, y termina con un sutil toque de amargor, proporcionando una sensaci\\u00f3n gustativa inolvidable. En Truffles Italy, nuestros buscadores de trufas recolectan a mano con sumo cuidado nuestras preciadas trufas negras, garantizando que s\\u00f3lo lleguen a su mesa las trufas de la mejor calidad.<\\\/p>\\n\n\n<p>A\\u00f1adir nuestras trufas a sus comidas no s\\u00f3lo eleva el sabor, sino que tambi\\u00e9n aporta un toque de lujo Italiano a su experiencia gastron\\u00f3mica.<\\\/p>\",\"image\":\"wp-content\\\/uploads\\\/2023\\\/11\\\/nero-pregiato-1.jpg\",\"link\":\"prodotto\\\/precious-black-truffle\\\/\",\"title\":\"Preciosa Trufa Negra\"}},{\"type\":\"grid_item\",\"props\":{\"content\":\"\n\n<p>La Trufa Negra de Verano, conocida cient\\u00edficamente como \\\"Tuber Aestivum\\\", es una delicia culinaria que a\\u00f1ade un toque de lujo Italiano a sus platos. Recolectada en los meses c\\u00e1lidos de mayo a septiembre, esta variedad de trufa aporta un encanto \\u00fanico a la cocina estival.<\\\/p>\\n\n\n<p>El exterior de la Trufa Negra de Verano presenta una superficie rugosa y negra, mientras que su interior revela un color m\\u00e1s claro, a menudo crema p\\u00e1lido o gris con un delicado jaspeado blanco. Este contraste lo hace visualmente atractivo y un ingrediente destacado en cualquier plato.<\\\/p>\\n\n\n<p>Aunque m\\u00e1s sutil que su hom\\u00f3loga de invierno, la Trufa Negra de Verano sigue ofreciendo un perfil de sabor rico y complejo. Imparte un aroma delicado, ligeramente dulce y terroso, con notas de avellana, lo que lo convierte en un complemento vers\\u00e1til para una amplia gama de platos, desde la pasta sencilla hasta los platos de carne m\\u00e1s elaborados. En Truffles Italy, nuestras Trufas Negras de Verano son recolectadas a mano por experimentados buscadores de trufas que se aseguran de seleccionar s\\u00f3lo las trufas de mayor calidad.<\\\/p>\\n\n\n<p>Al elegir nuestras Trufas Negras de Verano, estar\\u00e1 llevando a su plato el aut\\u00e9ntico sabor del verano Italiano.<\\\/p>\",\"image\":\"wp-content\\\/uploads\\\/2023\\\/11\\\/nero-estivo.jpg\",\"link\":\"prodotto\\\/black-summer-truffle\\\/\",\"title\":\"Trufa Negra de Verano\"}},{\"type\":\"grid_item\",\"props\":{\"content\":\"\n\n<p>La Trufa Blanca, tambi\\u00e9n conocida como \\\"Tuber Magnatum Pico\\\", es la joya de la corona de la gastronom\\u00eda Italiana y una de las trufas m\\u00e1s codiciadas del mundo. Recolectada en los meses de oto\\u00f1o, es famosa por su aroma inconfundible y embriagador, capaz de enriquecer cualquier plato.<\\\/p>\\n\n\n<p>La Trufa Blanca presenta un exterior liso y dorado que encierra una pulpa entre crema p\\u00e1lido y amarillo ocre, jaspeada de finas vetas blancas. Este delicado interior es donde la trufa guarda su potente aroma y su complejo sabor. El perfil de sabor de la Trufa Blanca es realmente extraordinario, ya que ofrece una mezcla \\u00fanica de ajo, queso y notas terrosas.<\\\/p>\\n\n\n<p>El aroma es intenso pero refinado, impregna todos los platos que adorna y deja una experiencia gustativa inolvidable. En Truffles Italy, nuestras Trufas Blancas son cuidadosamente seleccionadas a mano por nuestros experimentados buscadores de trufas, garantizando que s\\u00f3lo las mejores trufas lleguen a nuestros clientes.<\\\/p>\\n\n\n<p>Elegir nuestras Trufas Blancas significa disfrutar de un lujo culinario sin igual, un verdadero sabor a herencia Italiana.<\\\/p>\",\"image\":\"wp-content\\\/uploads\\\/2023\\\/11\\\/bianco-1.jpg\",\"link\":\"prodotto\\\/white-truffle\\\/\",\"title\":\"Trufa Blanca \"}},{\"type\":\"grid_item\",\"props\":{\"content\":\"\n\n<p>La Trufa Bianchetto, tambi\\u00e9n conocida como \\\"Tuber Borchii\\\" o \\\"Tuber Albidum Pico\\\", es una apreciada variedad de trufa que ofrece un sabor caracter\\u00edstico y robusto. Recolectada en los meses de invierno y primavera, se considera una deliciosa alternativa a la m\\u00e1s cara trufa blanca.<\\\/p>\\n\n\n<p>La Trufa Bianchetto tiene una piel lisa y clara, a menudo con un tono rosado. En su interior, revela una variada paleta de colores que van del blanco al marr\\u00f3n rojizo, intercalados con vetas blancas que se acent\\u00faan con la madurez. Aunque m\\u00e1s peque\\u00f1a que otras variedades de trufa, la Trufa Bianchetto es grande en sabor.<\\\/p>\\n\n\n<p>Tiene un fuerte aroma a ajo, y su sabor ofrece una intrigante mezcla de notas dulces y picantes, que a\\u00f1aden profundidad y complejidad a cualquier plato. En Truffles Italy, nuestras Trufas Bianchetto son cuidadosamente seleccionadas por nuestros entrenados cazadores de trufas, garantizando que s\\u00f3lo entregamos a nuestros clientes las trufas de la mejor calidad.<\\\/p>\\n\n\n<p>Con nuestras Trufas Bianchetto, podr\\u00e1 dar un toque \\u00fanico a sus creaciones culinarias.<\\\/p>\",\"image\":\"wp-content\\\/uploads\\\/2023\\\/11\\\/bianchetto.jpg\",\"link\":\"prodotto\\\/bianchetto-truffle\\\/\",\"title\":\"Trufa Bianchetto\"}},{\"type\":\"grid_item\",\"props\":{\"content\":\"\n\n<p>La Trufa Uncinato, o Tuber Uncinatum, madura en la temporada de oto\\u00f1o-invierno y es conocida por sus elevadas cualidades organol\\u00e9pticas. Puede alcanzar un tama\\u00f1o considerable y a menudo se describe como est\\u00e9ticamente perfecto.<\\\/p>\\n\n\n<p>Es muy parecida a la Trufa de Verano (Tuber aestivum), pero tiene verrugas menos grandes, una gleba (la parte interior de la trufa) mucho m\\u00e1s oscura, un olor m\\u00e1s fuerte y agradable, y un sabor m\\u00e1s marcado. Su piel exterior, o peridio, es negra con verrugas subdesarrolladas. La Trufa Uncinato se desarrolla en las mismas zonas que la trufa de verano, normalmente en zonas frescas.<\\\/p>\\n\n\n<p>El periodo de recolecci\\u00f3n va de Octubre a mediados de Marzo. La Trufa Uncinato tiene un aroma delicado y agradable, y su sabor se ha descrito como m\\u00e1s intenso y sabroso que el de la Trufa Negra de Verano. Se puede utilizar para adornar platos, d\\u00e1ndoles elegancia y un sabor \\u00fanico. Tenga en cuenta que las trufas deben conservarse adecuadamente para mantener su sabor y aroma.<\\\/p>\\n\n\n<p>Compre siempre en un establecimiento de confianza para asegurarse de obtener un producto de alta calidad.<\\\/p>\",\"image\":\"wp-content\\\/uploads\\\/2023\\\/11\\\/uncinato-1.jpg\",\"link\":\"prodotto\\\/uncinato-truffle\\\/\",\"title\":\"Trufa Uncinato\"}}]}]}]}]}],\"version\":\"4.2.6\"} --><\/p>\n","protected":false},"excerpt":{"rendered":"<p>Truffles Italy \u00abDescubra el aut\u00e9ntico sabor de Italia con Truffles Italy. Nuestras trufas son 100% Italianas y proceden directamente de los ricos suelos de Umbr\u00eda, la regi\u00f3n italiana m\u00e1s rica en trufas. Con una gama de opciones que incluye trufas blancas, negras y preciadas en varios tama\u00f1os y formatos, garantizamos frescura y calidad en cada [&hellip;]<\/p>\n","protected":false},"author":1,"featured_media":0,"parent":0,"menu_order":0,"comment_status":"closed","ping_status":"closed","template":"","meta":{"footnotes":""},"class_list":["post-208","page","type-page","status-publish","hentry"],"_links":{"self":[{"href":"https:\/\/www.trufflesitaly.com\/es\/wp-json\/wp\/v2\/pages\/208","targetHints":{"allow":["GET"]}}],"collection":[{"href":"https:\/\/www.trufflesitaly.com\/es\/wp-json\/wp\/v2\/pages"}],"about":[{"href":"https:\/\/www.trufflesitaly.com\/es\/wp-json\/wp\/v2\/types\/page"}],"author":[{"embeddable":true,"href":"https:\/\/www.trufflesitaly.com\/es\/wp-json\/wp\/v2\/users\/1"}],"replies":[{"embeddable":true,"href":"https:\/\/www.trufflesitaly.com\/es\/wp-json\/wp\/v2\/comments?post=208"}],"version-history":[{"count":31,"href":"https:\/\/www.trufflesitaly.com\/es\/wp-json\/wp\/v2\/pages\/208\/revisions"}],"predecessor-version":[{"id":513,"href":"https:\/\/www.trufflesitaly.com\/es\/wp-json\/wp\/v2\/pages\/208\/revisions\/513"}],"wp:attachment":[{"href":"https:\/\/www.trufflesitaly.com\/es\/wp-json\/wp\/v2\/media?parent=208"}],"curies":[{"name":"wp","href":"https:\/\/api.w.org\/{rel}","templated":true}]}}